{"id":3215,"date":"2024-08-02T11:47:59","date_gmt":"2024-08-02T08:47:59","guid":{"rendered":"https:\/\/cisl.usv.ro\/?page_id=3215"},"modified":"2024-08-11T09:54:07","modified_gmt":"2024-08-11T06:54:07","slug":"scientific-committee","status":"publish","type":"page","link":"https:\/\/cisl.usv.ro\/?page_id=3215&lang=en","title":{"rendered":"Scientific Committee"},"content":{"rendered":"<p><strong>2023<\/strong><br \/>\n<br \/><\/br><br \/>\nSanda-Maria Ardeleanu, prof. univ. dr., &#8220;Stefan cel Mare&#8221; University, Suceava, Romania<br \/>\nCristina Bleor\u021bu, PhD, University of Z\u00fcrich, Switzerland<br \/>\nOana Boc, PhD, Babe\u0219-Bolyai University, Cluj-Napoca, Romania<br \/>\nEugenia Bojoga, PhD, Babe\u0219-Bolyai University, Cluj-Napoca, Romania<br \/>\nTatiana Ciocoi, PhD habil. prof., State University of Moldova, Republic of Moldova<br \/>\nClaudia Costin, prof. univ. dr. habil. habil., &#8220;Stefan cel Mare&#8221; University, Suceava, Romania<br \/>\nMarius Cucu, lecturer, &#8220;Stefan cel Mare&#8221; University, Suceava, Romania<br \/>\nMircea A. Diaconu, prof.univ. dr., &#8220;Stefan cel Mare&#8221; University, Suceava, Romania<br \/>\nConstantin Dram, prof. univ. dr., &#8220;Alexandru Ioan Cuza&#8221; University, Ia\u0219i, Romania<br \/>\nOliviu Felecan, prof. univ. dr. habil. habil., Technical University of Cluj-Napoca, Romania<br \/>\nDorel F\u00eenaru, prof. univ. dr. habil., &#8220;Stefan cel Mare&#8221; University, Suceava, Romania<br \/>\nAlexandru Gafton, prof. univ. dr., &#8220;Alexandru Ioan Cuza&#8221; University, Ia\u0219i, Romania<br \/>\nOlga Gancevici, PhD, &#8220;Stefan cel Mare&#8221; University, Suceava, Romania<br \/>\nAngela Gr\u0103dinaru, PhD, State University of Moldova, Republic of Moldova<br \/>\nProf. Ion Gu\u021bu, PhD, State University of Moldova, Republic of Moldova<br \/>\nSimona Modreanu, prof. univ. dr., &#8220;Alexandru Ioan Cuza&#8221; University, Ia\u0219i, Romania<br \/>\nViorica Molea, conf. univ. dr. habil. habil., State University of Moldova, Republic of Moldova<br \/>\nCristinel Munteanu, prof. univ. dr. habil., University of Pitesti, Romania<br \/>\nDinu Moscal, Research Scientist III, Romanian Academy. Filiala Ia\u0219i, Romania<br \/>\nRodica Nagy, prof.univ. dr., &#8220;Stefan cel Mare&#8221; University, Suceava, Romania<br \/>\nProf. Enrique Nogueras, University of Granada, Spain<br \/>\nCristinia Paladian, PhD, Yurii Fedkovici National University, Chernivtsi, Ukraine<br \/>\nProf. Daniela Petro\u0219el, PhD, Stefan cel Mare University, Suceava, Romania<br \/>\nElena Prus, prof. univ. dr. habil. habil., Free International University of Moldova, Chisinau,<br \/>\nRepublic of Moldova<br \/>\nMaria \u0218leahti\u021bchi, prof. univ. dr. habil. habil., Director of the National Museum of Literature &#8220;Mihail<br \/>\nKog\u0103lniceanu&#8221;, Republic of Moldova<br \/>\nMariana \u0218ovea, Lecturer, &#8220;Stefan cel Mare&#8221; University, Suceava, Romania<br \/>\nEmma T\u0103m\u00e2ianu-Morita, Prof. PhD, Kindai University, Osaka, Japan<br \/>\nLumini\u021ba Elena Turcu, PhD, &#8220;Stefan cel Mare&#8221; University, Suceava, Romania<br \/>\nLudmila Usat\u00e2i, PhD, State University of Moldova, Republic of MoldovaCristina VARGA, PhD, Babe\u0219-Bolyai University, Cluj-Napoca, Romania<br \/>\nElena Varzari, PhD, State University of Moldova, Republic of Moldova<br \/>\nCornel V\u00eelcu, PhD, Babe\u0219-Bolyai University, Cluj-Napoca, Romania<br \/>\nFelicia Vr\u00e2n\u00e2nceanu, PhD, Yurii Fedkovici National University, Chernivtsi, Ukraine<br \/>\nLudmila Zban\u021b, prof. univ. dr. habil. habil., State University of Moldova, Republic of Moldova<\/p>\n<p><strong>2021<\/strong><br \/>\nLudmila Zban\u021b, Prof. Prof., Dr. habil., State University of Moldova, Republic of Moldova &#8211; Chair<br \/>\nProf. Igor Sarov, PhD, Rector of the State University of Moldova, Republic of Moldova<br \/>\nProf. Dr. Aurelia Hanganu, PhD, Vice-Rector for Scientific Activity, State University of Moldova, Republic of Moldova<br \/>\nValeriu Matei, Academician, Director of the Romanian Cultural Institute &#8220;Mihai Eminescu&#8221; in Chisinau<br \/>\nProf. Sanda Maria Ardeleanu, PhD, DHC, &#8220;Stefan cel Mare&#8221; University, Suceava, Romania<br \/>\nEugenia Bojoga, PhD, lecturer, Babe\u0219-Bolyai University, Cluj-Napoca, Romania<br \/>\nProf. Lora Bostan, PhD, Yurii Fedkovici National University, Chernivtsi, Ukraine<br \/>\nTatiana Ciocoi, prof. prof., PhD, State University of Moldova, Republic of Moldova<br \/>\nIraida Condrea, prof. univ., dr. hab. State University of Moldova, Republic of Moldova<br \/>\nMircea Diaconu, prof. univ., dr., Stefan cel Mare University, Suceava, Romania<br \/>\nRodica-M\u0103rioara Nagy, prof. univ., dr., &#8220;Stefan cel Mare&#8221; University, Suceava, Romania<br \/>\nSergiu Pavlicenco, prof. univ., dr. hab., State University of Moldova, Republic of Moldova<br \/>\nProf. Gheorghe Popa, Prof. Gheorghe Popa, PhD, Alecu Russo State University, Balti, Republic of Moldova<br \/>\nProf. Elena Prus, PhD, Free International University of Moldova<br \/>\nTatiana Babin-Rusu, prof. prof., PhD, State University of Moldova, Republic of Moldova<br \/>\nProf. Vitalina Bahneanu, PhD, State University of Moldova, Republic of Moldova<br \/>\nProf. Irina Breahn\u0103, PhD, State University of Moldova, Republic of Moldova<br \/>\nAdriana Cazacu, PhD, State University of Moldova, Republic of Moldova<br \/>\nProf. Claudia Cem\u00e2rtan, PhD, State University of Moldova, Republic of Moldova<br \/>\nProf. Cornelia Cincilei, PhD, State University of Moldova, Republic of Moldova<br \/>\nSvetlana Corcevschi, PhD, State University of Moldova, Republic of Moldova<br \/>\nProf. Oxana Creang\u0103, PhD, State University of Moldova, Republic of Moldova<br \/>\nElena Gheorghi\u021b\u0103, PhD, State University of Moldova, Republic of Moldova<br \/>\nAlexandra Gherasim, PhD, State University of Moldova, Republic of Moldova<br \/>\nAngela Gr\u0103dinaru, PhD, State University of Moldova, Republic of Moldova<br \/>\nCristina Crossu-Chiriac, PhD, State University of Moldova, Republic of Moldova<br \/>\nProf. Ion Gutu, PhD, State University of Moldova, Republic of Moldova<br \/>\nNicolae Leahu, PhD, Alecu Russo State University, Balti, Republic of Moldova<br \/>\nProf. Viorica Lifari, PhD, State University of Moldova, Republic of Moldova<br \/>\nViorica Molea, conf. univ., dr. hab., State University of Moldova, Republic of Moldova<br \/>\nViorica Molo\u0219niuc, PhD, State University of Moldova, Republic of Moldova<br \/>\nCristinia Paladian, PhD, Yurii Fedkovici National University, Chernivtsi, Ukraine Angela Rosca, PhD, State University of Moldova, Republic of Moldova<br \/>\nGabriela \u0218aganean, PhD, State University of Moldova, Republic of Moldova<br \/>\nMaria \u0218leahti\u021bchi, PhD, Director of the National Museum of Literature &#8220;Mihail Kog\u0103lniceanu&#8221;, Republic of Moldova<br \/>\nProf. Emilia Taraburca, PhD, State University of Moldova, Republic of Moldova<br \/>\nLilia Trinca, PhD, Alecu Russo State University, Balti, Republic of Moldova<br \/>\nElena Varzari, PhD, State University of Moldova, Republic of Moldova<br \/>\nDaniela Pascaru, lecturer, PhD, State University of Moldova, Republic of Moldova<br \/>\nFelicia Vr\u00e2nceanu, Lecturer, PhD, Yurii Fedkovici National University, Chernivtsi, Ukraine<\/p>\n<p><strong>2015<\/strong><br \/>\nProf. Dr. Sanda-Maria Ardeleanu &#8211; &#8220;Stefan cel Mare&#8221; University, Suceava<br \/>\nProf. Dr. Iulian Boldea &#8211; &#8220;Petru Maior&#8221; University, T\u00e2rgu-Mure\u0219<br \/>\nProf. Dr. Lora Bostan &#8211; &#8220;Yurii Fedkovici&#8221; National University, Chernivtsi, Ukraine<br \/>\nProf. Dr. Lumini\u021ba C\u0103r\u0103u\u0219u &#8211; &#8220;Al. I. Cuza&#8221;, Ia\u0219i<br \/>\nProf. Irina Condrea &#8211; State University, Chisinau, Republic of Moldova<br \/>\nProf. dr. Albumi\u021ba-Mugura\u0219 Constantinescu &#8211; &#8220;Stefan cel Mare&#8221; University, Suceava<br \/>\nProf. Dr. Elena Croitoru &#8211; &#8220;Dun\u0103rea de Jos&#8221; University, Galati<br \/>\nProf. Codrin-Liviu Cu\u021bitaru &#8211; &#8220;Al. I. Cuza&#8221;, Ia\u0219i<br \/>\nProf. univ. dr. Mircea A. Diaconu &#8211; &#8220;Stefan cel Mare&#8221; University, Suceava<br \/>\nProf. Rodica Dimitriu &#8211; &#8220;Al. I. Cuza&#8221;, Ia\u0219i<br \/>\nProf. Alexandru Gafton &#8211; &#8220;Al. I. Cuza&#8221;, Ia\u0219i<br \/>\nProf. Mihaela Gheorghe &#8211; &#8220;Transilvania&#8221; University, Brasov<br \/>\nProf. Dr. Niculina Iacob &#8211; &#8220;Stefan cel Mare&#8221; University, Suceava<br \/>\nProf. Dr. Gina M\u0103ciuc\u0103 &#8211; &#8220;Stefan cel Mare&#8221; University, Suceava<br \/>\nProf. Dr. Rodica Nagy &#8211; &#8220;Stefan cel Mare&#8221; University, Suceava<br \/>\nProf. Michaela Praisler &#8211; &#8220;Dun\u0103rea de Jos&#8221; University, Galati<br \/>\nProf. habil. dr. habilitat Elena Prus &#8211; Free International University of Moldova, Chisinau, Republic of Moldova Prof. habil. dr. habilitat Ala Sainenco &#8211; &#8220;Alecu Russo&#8221; University, Balti, Republic of Moldova<br \/>\nProf. univ. dr. Vasile Spiridon &#8211; &#8220;Vasile Alecsandri&#8221; University, Bac\u0103u<br \/>\nProf. Dr. Elena-Br\u00e2ndu\u0219a Steiciuc &#8211; &#8220;Stefan cel Mare&#8221; University, Suceava<br \/>\nProf. Vasile \u021a\u00e2ra &#8211; West University, Timi\u0219oara<br \/>\nProf. habil. dr. habilitat Ludmila Zban\u021b &#8211; State University, Chisinau, Republic of Moldova<br \/>\nProf. Dr. Mariana Boca &#8211; &#8220;Stefan cel Mare&#8221; University, Suceava<br \/>\nProf. Dr. Aurel Buzincu &#8211; &#8220;Stefan cel Mare&#8221; University, Suceava<br \/>\nProf. Dr. Ionel C. Corjan &#8211; &#8220;Stefan cel Mare&#8221; University, Suceava<br \/>\nProf. Dr. Claudia Costin &#8211; &#8220;Stefan cel Mare&#8221; University, Suceava<br \/>\nProf. Dr. Sabina F\u00eenaru &#8211; &#8220;Stefan cel Mare&#8221; University, Suceava<br \/>\nProf. Dr. Evelina Mezalina Graur &#8211; &#8220;Stefan cel Mare&#8221; University, Suceava<br \/>\nProf. Dr. Ana Gu\u021bu &#8211; Free International University of Moldova, Chisinau, Republic of Moldova<br \/>\nProf. Dr. Cornelia Macsiniuc &#8211; &#8220;Stefan cel Mare&#8221; University, Suceava<br \/>\nProf. Dr. Ovidiu Morar &#8211; &#8220;Stefan cel Mare&#8221; University, Suceava<br \/>\nProf. Dr. Olga Oprea-Gancevici &#8211; &#8220;Stefan cel Mare&#8221; University, Suceava<br \/>\nProf. Dr. Mina Maria Rusu &#8211; Ministry of Education and Scientific Research<br \/>\nProf. Dr. Lumini\u021ba-Elena Turcu &#8211; &#8220;Stefan cel Mare&#8221; University, Suceava<br \/>\nLect. univ. dr. Raluca-Nicoleta Bala\u021bchi &#8211; &#8220;Stefan cel Mare&#8221; University, Suceava<br \/>\nLect. univ. dr. Ioana-Crina Coroi &#8211; &#8220;Stefan cel Mare&#8221; University, Suceava<br \/>\nLect. univ. dr. Dorel F\u00eenaru &#8211; &#8220;Stefan cel Mare&#8221; University, Suceava<br \/>\nLect. univ. dr. Nicoleta-Loredana Moro\u0219an &#8211; &#8220;Stefan cel Mare&#8221; University, Suceava<br \/>\nLect. univ. dr. Daniela Petro\u0219el &#8211; &#8220;Stefan cel Mare&#8221; University, Suceava<br \/>\nLect. univ. dr. C\u0103t\u0103lina P\u00eenzariu &#8211; &#8220;Stefan cel Mare&#8221; University, Suceava<br \/>\nLect. univ. dr. Ciprian Popa &#8211; &#8220;Stefan cel Mare&#8221; University, Suceava<br \/>\nLect. univ. dr. Codru\u021b \u0218erban &#8211; &#8220;Stefan cel Mare&#8221; University, Suceava<br \/>\nLect. univ. dr. Oana Ursache &#8211; University of Granada, Spain<br \/>\nFelicia Vr\u00e2nceanu &#8211; &#8220;Yurii Fedkovici&#8221; National University, Chernivtsi, Ukraine<\/p>\n","protected":false},"excerpt":{"rendered":"<p>2023 Sanda-Maria Ardeleanu, prof. univ. dr., &#8220;Stefan cel Mare&#8221; University, Suceava, Romania Cristina Bleor\u021bu, PhD, University of Z\u00fcrich, Switzerland Oana Boc, PhD, Babe\u0219-Bolyai University, Cluj-Napoca, Romania Eugenia Bojoga, PhD, Babe\u0219-Bolyai University, Cluj-Napoca, Romania Tatiana Ciocoi, PhD habil. prof., State University of Moldova, Republic of Moldova Claudia Costin, prof. univ. dr. habil. habil., &#8220;Stefan cel Mare&#8221;<\/p>\n","protected":false},"author":52,"featured_media":0,"parent":0,"menu_order":0,"comment_status":"closed","ping_status":"closed","template":"","meta":{"cybocfi_hide_featured_image":"","footnotes":""},"class_list":["post-3215","page","type-page","status-publish","hentry"],"yoast_head":"<!-- This site is optimized with the Yoast SEO plugin v27.5 - https:\/\/yoast.com\/product\/yoast-seo-wordpress\/ -->\n<title>Scientific Committee - Colocviul Interna\u021bional de \u0218tiin\u021be ale Limbajului (CISL) \u201eEugeniu Co\u0219eriu\u201d<\/title>\n<meta name=\"robots\" content=\"index, follow, max-snippet:-1, max-image-preview:large, max-video-preview:-1\" \/>\n<link rel=\"canonical\" href=\"https:\/\/cisl.usv.ro\/?page_id=3215&lang=en\" \/>\n<meta property=\"og:locale\" content=\"en_US\" \/>\n<meta property=\"og:type\" content=\"article\" \/>\n<meta property=\"og:title\" content=\"Scientific Committee - Colocviul Interna\u021bional de \u0218tiin\u021be ale Limbajului (CISL) \u201eEugeniu Co\u0219eriu\u201d\" \/>\n<meta property=\"og:description\" content=\"2023 Sanda-Maria Ardeleanu, prof. univ. dr., &#8220;Stefan cel Mare&#8221; University, Suceava, Romania Cristina Bleor\u021bu, PhD, University of Z\u00fcrich, Switzerland Oana Boc, PhD, Babe\u0219-Bolyai University, Cluj-Napoca, Romania Eugenia Bojoga, PhD, Babe\u0219-Bolyai University, Cluj-Napoca, Romania Tatiana Ciocoi, PhD habil. prof., State University of Moldova, Republic of Moldova Claudia Costin, prof. univ. dr. habil. habil., &#8220;Stefan cel Mare&#8221;\" \/>\n<meta property=\"og:url\" content=\"https:\/\/cisl.usv.ro\/?page_id=3215&amp;lang=en\" \/>\n<meta property=\"og:site_name\" content=\"Colocviul Interna\u021bional de \u0218tiin\u021be ale Limbajului (CISL) \u201eEugeniu Co\u0219eriu\u201d\" \/>\n<meta property=\"article:modified_time\" content=\"2024-08-11T06:54:07+00:00\" \/>\n<meta name=\"twitter:card\" content=\"summary_large_image\" \/>\n<meta name=\"twitter:label1\" content=\"Est. reading time\" \/>\n\t<meta name=\"twitter:data1\" content=\"6 minutes\" \/>\n<script type=\"application\/ld+json\" class=\"yoast-schema-graph\">{\"@context\":\"https:\\\/\\\/schema.org\",\"@graph\":[{\"@type\":\"WebPage\",\"@id\":\"https:\\\/\\\/cisl.usv.ro\\\/?page_id=3215&lang=en\",\"url\":\"https:\\\/\\\/cisl.usv.ro\\\/?page_id=3215&lang=en\",\"name\":\"Scientific Committee - Colocviul Interna\u021bional de \u0218tiin\u021be ale Limbajului (CISL) \u201eEugeniu Co\u0219eriu\u201d\",\"isPartOf\":{\"@id\":\"https:\\\/\\\/cisl.usv.ro\\\/#website\"},\"datePublished\":\"2024-08-02T08:47:59+00:00\",\"dateModified\":\"2024-08-11T06:54:07+00:00\",\"breadcrumb\":{\"@id\":\"https:\\\/\\\/cisl.usv.ro\\\/?page_id=3215&lang=en#breadcrumb\"},\"inLanguage\":\"en-US\",\"potentialAction\":[{\"@type\":\"ReadAction\",\"target\":[\"https:\\\/\\\/cisl.usv.ro\\\/?page_id=3215&lang=en\"]}]},{\"@type\":\"BreadcrumbList\",\"@id\":\"https:\\\/\\\/cisl.usv.ro\\\/?page_id=3215&lang=en#breadcrumb\",\"itemListElement\":[{\"@type\":\"ListItem\",\"position\":1,\"name\":\"Home\",\"item\":\"https:\\\/\\\/cisl.usv.ro\\\/\"},{\"@type\":\"ListItem\",\"position\":2,\"name\":\"Scientific Committee\"}]},{\"@type\":\"WebSite\",\"@id\":\"https:\\\/\\\/cisl.usv.ro\\\/#website\",\"url\":\"https:\\\/\\\/cisl.usv.ro\\\/\",\"name\":\"Colocviul Interna\u021bional de \u0218tiin\u021be ale Limbajului (CISL) \u201eEugeniu Co\u0219eriu\u201d\",\"description\":\"Colocviul Interna\u021bional de \u0218tiin\u021be ale Limbajului \u201cEugeniu Co\u0219eriu\u201d, cu o tradi\u0163ie de peste 30 de ani, reprezint\u0103 un eveniment academic de referin\u021b\u0103 \u00een urm\u0103toarele domenii: semiotic\u0103, lingvistic\u0103, literatur\u0103, \u015ftiin\u0163e umaniste, filosofia limbii, didactic\u0103.\",\"potentialAction\":[{\"@type\":\"SearchAction\",\"target\":{\"@type\":\"EntryPoint\",\"urlTemplate\":\"https:\\\/\\\/cisl.usv.ro\\\/?s={search_term_string}\"},\"query-input\":{\"@type\":\"PropertyValueSpecification\",\"valueRequired\":true,\"valueName\":\"search_term_string\"}}],\"inLanguage\":\"en-US\"}]}<\/script>\n<!-- \/ Yoast SEO plugin. -->","yoast_head_json":{"title":"Scientific Committee - Colocviul Interna\u021bional de \u0218tiin\u021be ale Limbajului (CISL) \u201eEugeniu Co\u0219eriu\u201d","robots":{"index":"index","follow":"follow","max-snippet":"max-snippet:-1","max-image-preview":"max-image-preview:large","max-video-preview":"max-video-preview:-1"},"canonical":"https:\/\/cisl.usv.ro\/?page_id=3215&lang=en","og_locale":"en_US","og_type":"article","og_title":"Scientific Committee - Colocviul Interna\u021bional de \u0218tiin\u021be ale Limbajului (CISL) \u201eEugeniu Co\u0219eriu\u201d","og_description":"2023 Sanda-Maria Ardeleanu, prof. univ. dr., &#8220;Stefan cel Mare&#8221; University, Suceava, Romania Cristina Bleor\u021bu, PhD, University of Z\u00fcrich, Switzerland Oana Boc, PhD, Babe\u0219-Bolyai University, Cluj-Napoca, Romania Eugenia Bojoga, PhD, Babe\u0219-Bolyai University, Cluj-Napoca, Romania Tatiana Ciocoi, PhD habil. prof., State University of Moldova, Republic of Moldova Claudia Costin, prof. univ. dr. habil. habil., &#8220;Stefan cel Mare&#8221;","og_url":"https:\/\/cisl.usv.ro\/?page_id=3215&lang=en","og_site_name":"Colocviul Interna\u021bional de \u0218tiin\u021be ale Limbajului (CISL) \u201eEugeniu Co\u0219eriu\u201d","article_modified_time":"2024-08-11T06:54:07+00:00","twitter_card":"summary_large_image","twitter_misc":{"Est. reading time":"6 minutes"},"schema":{"@context":"https:\/\/schema.org","@graph":[{"@type":"WebPage","@id":"https:\/\/cisl.usv.ro\/?page_id=3215&lang=en","url":"https:\/\/cisl.usv.ro\/?page_id=3215&lang=en","name":"Scientific Committee - Colocviul Interna\u021bional de \u0218tiin\u021be ale Limbajului (CISL) \u201eEugeniu Co\u0219eriu\u201d","isPartOf":{"@id":"https:\/\/cisl.usv.ro\/#website"},"datePublished":"2024-08-02T08:47:59+00:00","dateModified":"2024-08-11T06:54:07+00:00","breadcrumb":{"@id":"https:\/\/cisl.usv.ro\/?page_id=3215&lang=en#breadcrumb"},"inLanguage":"en-US","potentialAction":[{"@type":"ReadAction","target":["https:\/\/cisl.usv.ro\/?page_id=3215&lang=en"]}]},{"@type":"BreadcrumbList","@id":"https:\/\/cisl.usv.ro\/?page_id=3215&lang=en#breadcrumb","itemListElement":[{"@type":"ListItem","position":1,"name":"Home","item":"https:\/\/cisl.usv.ro\/"},{"@type":"ListItem","position":2,"name":"Scientific Committee"}]},{"@type":"WebSite","@id":"https:\/\/cisl.usv.ro\/#website","url":"https:\/\/cisl.usv.ro\/","name":"Colocviul Interna\u021bional de \u0218tiin\u021be ale Limbajului (CISL) \u201eEugeniu Co\u0219eriu\u201d","description":"Colocviul Interna\u021bional de \u0218tiin\u021be ale Limbajului \u201cEugeniu Co\u0219eriu\u201d, cu o tradi\u0163ie de peste 30 de ani, reprezint\u0103 un eveniment academic de referin\u021b\u0103 \u00een urm\u0103toarele domenii: semiotic\u0103, lingvistic\u0103, literatur\u0103, \u015ftiin\u0163e umaniste, filosofia limbii, didactic\u0103.","potentialAction":[{"@type":"SearchAction","target":{"@type":"EntryPoint","urlTemplate":"https:\/\/cisl.usv.ro\/?s={search_term_string}"},"query-input":{"@type":"PropertyValueSpecification","valueRequired":true,"valueName":"search_term_string"}}],"inLanguage":"en-US"}]}},"_links":{"self":[{"href":"https:\/\/cisl.usv.ro\/index.php?rest_route=\/wp\/v2\/pages\/3215","targetHints":{"allow":["GET"]}}],"collection":[{"href":"https:\/\/cisl.usv.ro\/index.php?rest_route=\/wp\/v2\/pages"}],"about":[{"href":"https:\/\/cisl.usv.ro\/index.php?rest_route=\/wp\/v2\/types\/page"}],"author":[{"embeddable":true,"href":"https:\/\/cisl.usv.ro\/index.php?rest_route=\/wp\/v2\/users\/52"}],"replies":[{"embeddable":true,"href":"https:\/\/cisl.usv.ro\/index.php?rest_route=%2Fwp%2Fv2%2Fcomments&post=3215"}],"version-history":[{"count":0,"href":"https:\/\/cisl.usv.ro\/index.php?rest_route=\/wp\/v2\/pages\/3215\/revisions"}],"wp:attachment":[{"href":"https:\/\/cisl.usv.ro\/index.php?rest_route=%2Fwp%2Fv2%2Fmedia&parent=3215"}],"curies":[{"name":"wp","href":"https:\/\/api.w.org\/{rel}","templated":true}]}}