{"id":3075,"date":"2024-08-02T09:40:17","date_gmt":"2024-08-02T06:40:17","guid":{"rendered":"https:\/\/cisl.usv.ro\/?page_id=3075"},"modified":"2024-08-09T18:07:14","modified_gmt":"2024-08-09T15:07:14","slug":"about-us","status":"publish","type":"page","link":"https:\/\/cisl.usv.ro\/?page_id=3075&lang=en","title":{"rendered":"About us"},"content":{"rendered":"<p><em>The International Colloquium of Language Sciences &#8220;Eugeniu Co\u0219eriu&#8221;<\/em>, with a tradition of more than 30 years, is a reference academic event in the following fields: semiotics, linguistics, literature, humanities, philosophy of language, didactics.<\/p>\n<p>Initiated in 1993 at the &#8220;Stefan cel Mare&#8221; University of Suceava, <em>the CISL<\/em> has developed steadily, becoming itinerant, since 2001, in the Romanian-speaking areas of Romania (Suceava), the Republic of Moldova (Chisinau) and Ukraine (Chernivtsi). In the same year, <em>the CISL<\/em> was named after Eugeniu Co\u0219eriu, the greatest Romanian linguist and initiator of this scientific event, unique at international level.<\/p>\n<p><em>The CISL &#8220;Eugeniu Co\u0219eriu&#8221;<\/em> is organized every two years by one of the partner universities: &#8220;Stefan cel Mare&#8221; University of Suceava, &#8220;Yuriy Fedkovych&#8221; National University of Chernivtsi and the State University of Moldova.<\/p>\n<p>Now at its 17<sup>th<\/sup> edition in 2023, the <em>CISL &#8220;Eugeniu Co\u0219eriu&#8221;<\/em> has benefited from the presence of the scholar Eugeniu Co\u0219eriu at four of its scientific meetings, the last one in 2001. Together with the great linguist, there were, as promoters and supporters of the event, prominent personalities in the field of language sciences, including: University Professors Mihail Iordache and Gheorghe Moldoveanu from Suceava, University Professor Dumitru Irimia from Ia\u0219i, University Professor Silviu Berejan from Chisinau, Academicians Grigore Bostan and Alexandrina Cernov from Chernivtsi, Romanian Academician Marius Sala, Professor Emeritus Anne-Marie Houdebine, France.<\/p>\n<p><em>The International Colloquium of Language Sciences &#8220;Eugeniu Co\u0219eriu&#8221;<\/em> continues to be an important forum for academic debate, promoting excellence in humanistic scientific research and honoring the theoretical and applied legacy of a great linguist, a tireless campaigner for the affirmation of the Romanian language and the Romanian space.<\/p>\n","protected":false},"excerpt":{"rendered":"<p>The International Colloquium of Language Sciences &#8220;Eugeniu Co\u0219eriu&#8221;, with a tradition of more than 30 years, is a reference academic event in the following fields: semiotics, linguistics, literature, humanities, philosophy of language, didactics. Initiated in 1993 at the &#8220;Stefan cel Mare&#8221; University of Suceava, the CISL has developed steadily, becoming itinerant, since 2001, in the<\/p>\n","protected":false},"author":52,"featured_media":0,"parent":0,"menu_order":0,"comment_status":"closed","ping_status":"closed","template":"","meta":{"cybocfi_hide_featured_image":"","footnotes":""},"class_list":["post-3075","page","type-page","status-publish","hentry"],"yoast_head":"<!-- This site is optimized with the Yoast SEO plugin v27.5 - https:\/\/yoast.com\/product\/yoast-seo-wordpress\/ -->\n<title>About us - Colocviul Interna\u021bional de \u0218tiin\u021be ale Limbajului (CISL) \u201eEugeniu Co\u0219eriu\u201d<\/title>\n<meta name=\"robots\" content=\"index, follow, max-snippet:-1, max-image-preview:large, max-video-preview:-1\" \/>\n<link rel=\"canonical\" href=\"https:\/\/cisl.usv.ro\/?page_id=3075&lang=en\" \/>\n<meta property=\"og:locale\" content=\"en_US\" \/>\n<meta property=\"og:type\" content=\"article\" \/>\n<meta property=\"og:title\" content=\"About us - Colocviul Interna\u021bional de \u0218tiin\u021be ale Limbajului (CISL) \u201eEugeniu Co\u0219eriu\u201d\" \/>\n<meta property=\"og:description\" content=\"The International Colloquium of Language Sciences &#8220;Eugeniu Co\u0219eriu&#8221;, with a tradition of more than 30 years, is a reference academic event in the following fields: semiotics, linguistics, literature, humanities, philosophy of language, didactics. Initiated in 1993 at the &#8220;Stefan cel Mare&#8221; University of Suceava, the CISL has developed steadily, becoming itinerant, since 2001, in the\" \/>\n<meta property=\"og:url\" content=\"https:\/\/cisl.usv.ro\/?page_id=3075&amp;lang=en\" \/>\n<meta property=\"og:site_name\" content=\"Colocviul Interna\u021bional de \u0218tiin\u021be ale Limbajului (CISL) \u201eEugeniu Co\u0219eriu\u201d\" \/>\n<meta property=\"article:modified_time\" content=\"2024-08-09T15:07:14+00:00\" \/>\n<meta name=\"twitter:card\" content=\"summary_large_image\" \/>\n<meta name=\"twitter:label1\" content=\"Est. reading time\" \/>\n\t<meta name=\"twitter:data1\" content=\"2 minutes\" \/>\n<script type=\"application\/ld+json\" class=\"yoast-schema-graph\">{\"@context\":\"https:\\\/\\\/schema.org\",\"@graph\":[{\"@type\":\"WebPage\",\"@id\":\"https:\\\/\\\/cisl.usv.ro\\\/?page_id=3075&lang=en\",\"url\":\"https:\\\/\\\/cisl.usv.ro\\\/?page_id=3075&lang=en\",\"name\":\"About us - Colocviul Interna\u021bional de \u0218tiin\u021be ale Limbajului (CISL) \u201eEugeniu Co\u0219eriu\u201d\",\"isPartOf\":{\"@id\":\"https:\\\/\\\/cisl.usv.ro\\\/#website\"},\"datePublished\":\"2024-08-02T06:40:17+00:00\",\"dateModified\":\"2024-08-09T15:07:14+00:00\",\"breadcrumb\":{\"@id\":\"https:\\\/\\\/cisl.usv.ro\\\/?page_id=3075&lang=en#breadcrumb\"},\"inLanguage\":\"en-US\",\"potentialAction\":[{\"@type\":\"ReadAction\",\"target\":[\"https:\\\/\\\/cisl.usv.ro\\\/?page_id=3075&lang=en\"]}]},{\"@type\":\"BreadcrumbList\",\"@id\":\"https:\\\/\\\/cisl.usv.ro\\\/?page_id=3075&lang=en#breadcrumb\",\"itemListElement\":[{\"@type\":\"ListItem\",\"position\":1,\"name\":\"Home\",\"item\":\"https:\\\/\\\/cisl.usv.ro\\\/\"},{\"@type\":\"ListItem\",\"position\":2,\"name\":\"About us\"}]},{\"@type\":\"WebSite\",\"@id\":\"https:\\\/\\\/cisl.usv.ro\\\/#website\",\"url\":\"https:\\\/\\\/cisl.usv.ro\\\/\",\"name\":\"Colocviul Interna\u021bional de \u0218tiin\u021be ale Limbajului (CISL) \u201eEugeniu Co\u0219eriu\u201d\",\"description\":\"Colocviul Interna\u021bional de \u0218tiin\u021be ale Limbajului \u201cEugeniu Co\u0219eriu\u201d, cu o tradi\u0163ie de peste 30 de ani, reprezint\u0103 un eveniment academic de referin\u021b\u0103 \u00een urm\u0103toarele domenii: semiotic\u0103, lingvistic\u0103, literatur\u0103, \u015ftiin\u0163e umaniste, filosofia limbii, didactic\u0103.\",\"potentialAction\":[{\"@type\":\"SearchAction\",\"target\":{\"@type\":\"EntryPoint\",\"urlTemplate\":\"https:\\\/\\\/cisl.usv.ro\\\/?s={search_term_string}\"},\"query-input\":{\"@type\":\"PropertyValueSpecification\",\"valueRequired\":true,\"valueName\":\"search_term_string\"}}],\"inLanguage\":\"en-US\"}]}<\/script>\n<!-- \/ Yoast SEO plugin. -->","yoast_head_json":{"title":"About us - Colocviul Interna\u021bional de \u0218tiin\u021be ale Limbajului (CISL) \u201eEugeniu Co\u0219eriu\u201d","robots":{"index":"index","follow":"follow","max-snippet":"max-snippet:-1","max-image-preview":"max-image-preview:large","max-video-preview":"max-video-preview:-1"},"canonical":"https:\/\/cisl.usv.ro\/?page_id=3075&lang=en","og_locale":"en_US","og_type":"article","og_title":"About us - Colocviul Interna\u021bional de \u0218tiin\u021be ale Limbajului (CISL) \u201eEugeniu Co\u0219eriu\u201d","og_description":"The International Colloquium of Language Sciences &#8220;Eugeniu Co\u0219eriu&#8221;, with a tradition of more than 30 years, is a reference academic event in the following fields: semiotics, linguistics, literature, humanities, philosophy of language, didactics. Initiated in 1993 at the &#8220;Stefan cel Mare&#8221; University of Suceava, the CISL has developed steadily, becoming itinerant, since 2001, in the","og_url":"https:\/\/cisl.usv.ro\/?page_id=3075&lang=en","og_site_name":"Colocviul Interna\u021bional de \u0218tiin\u021be ale Limbajului (CISL) \u201eEugeniu Co\u0219eriu\u201d","article_modified_time":"2024-08-09T15:07:14+00:00","twitter_card":"summary_large_image","twitter_misc":{"Est. reading time":"2 minutes"},"schema":{"@context":"https:\/\/schema.org","@graph":[{"@type":"WebPage","@id":"https:\/\/cisl.usv.ro\/?page_id=3075&lang=en","url":"https:\/\/cisl.usv.ro\/?page_id=3075&lang=en","name":"About us - Colocviul Interna\u021bional de \u0218tiin\u021be ale Limbajului (CISL) \u201eEugeniu Co\u0219eriu\u201d","isPartOf":{"@id":"https:\/\/cisl.usv.ro\/#website"},"datePublished":"2024-08-02T06:40:17+00:00","dateModified":"2024-08-09T15:07:14+00:00","breadcrumb":{"@id":"https:\/\/cisl.usv.ro\/?page_id=3075&lang=en#breadcrumb"},"inLanguage":"en-US","potentialAction":[{"@type":"ReadAction","target":["https:\/\/cisl.usv.ro\/?page_id=3075&lang=en"]}]},{"@type":"BreadcrumbList","@id":"https:\/\/cisl.usv.ro\/?page_id=3075&lang=en#breadcrumb","itemListElement":[{"@type":"ListItem","position":1,"name":"Home","item":"https:\/\/cisl.usv.ro\/"},{"@type":"ListItem","position":2,"name":"About us"}]},{"@type":"WebSite","@id":"https:\/\/cisl.usv.ro\/#website","url":"https:\/\/cisl.usv.ro\/","name":"Colocviul Interna\u021bional de \u0218tiin\u021be ale Limbajului (CISL) \u201eEugeniu Co\u0219eriu\u201d","description":"Colocviul Interna\u021bional de \u0218tiin\u021be ale Limbajului \u201cEugeniu Co\u0219eriu\u201d, cu o tradi\u0163ie de peste 30 de ani, reprezint\u0103 un eveniment academic de referin\u021b\u0103 \u00een urm\u0103toarele domenii: semiotic\u0103, lingvistic\u0103, literatur\u0103, \u015ftiin\u0163e umaniste, filosofia limbii, didactic\u0103.","potentialAction":[{"@type":"SearchAction","target":{"@type":"EntryPoint","urlTemplate":"https:\/\/cisl.usv.ro\/?s={search_term_string}"},"query-input":{"@type":"PropertyValueSpecification","valueRequired":true,"valueName":"search_term_string"}}],"inLanguage":"en-US"}]}},"_links":{"self":[{"href":"https:\/\/cisl.usv.ro\/index.php?rest_route=\/wp\/v2\/pages\/3075","targetHints":{"allow":["GET"]}}],"collection":[{"href":"https:\/\/cisl.usv.ro\/index.php?rest_route=\/wp\/v2\/pages"}],"about":[{"href":"https:\/\/cisl.usv.ro\/index.php?rest_route=\/wp\/v2\/types\/page"}],"author":[{"embeddable":true,"href":"https:\/\/cisl.usv.ro\/index.php?rest_route=\/wp\/v2\/users\/52"}],"replies":[{"embeddable":true,"href":"https:\/\/cisl.usv.ro\/index.php?rest_route=%2Fwp%2Fv2%2Fcomments&post=3075"}],"version-history":[{"count":0,"href":"https:\/\/cisl.usv.ro\/index.php?rest_route=\/wp\/v2\/pages\/3075\/revisions"}],"wp:attachment":[{"href":"https:\/\/cisl.usv.ro\/index.php?rest_route=%2Fwp%2Fv2%2Fmedia&parent=3075"}],"curies":[{"name":"wp","href":"https:\/\/api.w.org\/{rel}","templated":true}]}}