{"id":2454,"date":"2024-07-04T12:13:52","date_gmt":"2024-07-04T09:13:52","guid":{"rendered":"https:\/\/cisl.usv.ro\/?page_id=2454"},"modified":"2024-07-18T10:46:06","modified_gmt":"2024-07-18T07:46:06","slug":"despre-noi","status":"publish","type":"page","link":"https:\/\/cisl.usv.ro\/","title":{"rendered":"Despre noi"},"content":{"rendered":"<p><em>Colocviul Interna\u021bional de \u0218tiin\u021be ale Limbajului <\/em>\u201c<em>Eugeniu Co\u0219eriu<\/em>\u201d, cu o tradi\u0163ie de peste 30 de ani, reprezint\u0103 un eveniment academic de referin\u021b\u0103 \u00een urm\u0103toarele domenii: semiotic\u0103, lingvistic\u0103, literatur\u0103, \u015ftiin\u0163e umaniste, filosofia limbii, didactic\u0103.<\/p>\n<p>Ini\u021biat \u00een 1993 la Universitatea \u201c\u0218tefan cel Mare\u201d din Suceava, <em>CISL<\/em> s-a dezvoltat constant, devenind itinerant, \u00eencep\u00e2nd cu anul 2001, \u00een spa\u0163iul rom\u00e2nesc din Rom\u00e2nia (Suceava), Republica Moldova (Chi\u015fin\u0103u) \u015fi Ucraina (Cern\u0103u\u0163i). Din acela\u015fi an, <em>CISL<\/em> prime\u015fte numele celui mai mare lingvist de origine rom\u00e2n\u0103, Eugeniu Co\u015feriu, ini\u0163iator al acestei manifest\u0103ri \u015ftiin\u0163ifice, unic\u0103 la nivel interna\u0163ional.<\/p>\n<p><em>CISL<\/em> \u201c<em>Eugeniu Co\u0219eriu<\/em>\u201d este organizat o dat\u0103 la doi ani de c\u0103tre una din universit\u0103\u0163ile partenere: Universitatea \u201c\u015etefan cel Mare\u201d din Suceava, Universitatea Na\u021bional\u0103 \u201cYuriy Fedkovych\u201d din Cern\u0103u\u021bi \u0219i Universitatea de Stat din Moldova.<\/p>\n<p>Aflat la cea de-a XVII-a edi\u0163ie \u00een 2023, <em>CISL \u201cEugeniu Co\u0219eriu\u201d<\/em> a beneficiat de prezen\u0163a savantului Eugeniu Co\u015feriu la patru dintre \u00eent\u00e2lnirile \u015ftiin\u0163ifice, ultima fiind \u00een 2001. Al\u0103turi de marele lingvist, s-au aflat, \u00een calitate de promotori \u015fi sus\u0163in\u0103tori ai manifest\u0103rii, personalit\u0103\u0163i de seam\u0103 din domeniul \u015ftiin\u0163elor limbajului, printre care: profesorii universitari Mihail Iordache \u015fi Gheorghe Moldoveanu de la Suceava, profesorul universitar Dumitru Irimia de la Ia\u015fi, profesorul universitar Silviu Berejan din Chi\u015fin\u0103u, academicienii Grigore Bostan \u015fi Alexandrina Cernov de la Cern\u0103u\u0163i, academicianul rom\u00e2n Marius Sala, profesorul emerit Anne-Marie Houdebine, Fran\u0163a.<\/p>\n<p><em>Colocviul Interna\u021bional de \u0218tiin\u021be ale Limbajului <\/em>\u201c<em>Eugeniu Co\u0219eriu<\/em>\u201d continu\u0103 s\u0103 fie un forum important pentru dezbateri academice, promov\u00e2nd excelen\u021ba \u00een cercetarea \u015ftiin\u0163ific\u0103 umanist\u0103 \u0219i onor\u00e2nd mo\u0219tenirea teoretic\u0103 \u015fi aplicativ\u0103 a unui mare lingvist, militant neobosit pentru afirmarea limbii rom\u00e2ne \u015fi a spa\u0163iului rom\u00e2nesc.<\/p>\n","protected":false},"excerpt":{"rendered":"<p>Colocviul Interna\u021bional de \u0218tiin\u021be ale Limbajului \u201cEugeniu Co\u0219eriu\u201d, cu o tradi\u0163ie de peste 30 de ani, reprezint\u0103 un eveniment academic de referin\u021b\u0103 \u00een urm\u0103toarele domenii: semiotic\u0103, lingvistic\u0103, literatur\u0103, \u015ftiin\u0163e umaniste, filosofia limbii, didactic\u0103. Ini\u021biat \u00een 1993 la Universitatea \u201c\u0218tefan cel Mare\u201d din Suceava, CISL s-a dezvoltat constant, devenind itinerant, \u00eencep\u00e2nd cu anul 2001, \u00een spa\u0163iul<\/p>\n","protected":false},"author":45,"featured_media":0,"parent":0,"menu_order":0,"comment_status":"closed","ping_status":"closed","template":"","meta":{"cybocfi_hide_featured_image":"","footnotes":""},"class_list":["post-2454","page","type-page","status-publish","hentry"],"yoast_head":"<!-- This site is optimized with the Yoast SEO plugin v27.5 - https:\/\/yoast.com\/product\/yoast-seo-wordpress\/ -->\n<title>Despre noi - Colocviul Interna\u021bional de \u0218tiin\u021be ale Limbajului (CISL) \u201eEugeniu Co\u0219eriu\u201d<\/title>\n<meta name=\"robots\" content=\"index, follow, max-snippet:-1, max-image-preview:large, max-video-preview:-1\" \/>\n<link rel=\"canonical\" href=\"https:\/\/cisl.usv.ro\/\" \/>\n<meta property=\"og:locale\" content=\"en_US\" \/>\n<meta property=\"og:type\" content=\"article\" \/>\n<meta property=\"og:title\" content=\"Despre noi - Colocviul Interna\u021bional de \u0218tiin\u021be ale Limbajului (CISL) \u201eEugeniu Co\u0219eriu\u201d\" \/>\n<meta property=\"og:description\" content=\"Colocviul Interna\u021bional de \u0218tiin\u021be ale Limbajului \u201cEugeniu Co\u0219eriu\u201d, cu o tradi\u0163ie de peste 30 de ani, reprezint\u0103 un eveniment academic de referin\u021b\u0103 \u00een urm\u0103toarele domenii: semiotic\u0103, lingvistic\u0103, literatur\u0103, \u015ftiin\u0163e umaniste, filosofia limbii, didactic\u0103. Ini\u021biat \u00een 1993 la Universitatea \u201c\u0218tefan cel Mare\u201d din Suceava, CISL s-a dezvoltat constant, devenind itinerant, \u00eencep\u00e2nd cu anul 2001, \u00een spa\u0163iul\" \/>\n<meta property=\"og:url\" content=\"https:\/\/cisl.usv.ro\/\" \/>\n<meta property=\"og:site_name\" content=\"Colocviul Interna\u021bional de \u0218tiin\u021be ale Limbajului (CISL) \u201eEugeniu Co\u0219eriu\u201d\" \/>\n<meta property=\"article:modified_time\" content=\"2024-07-18T07:46:06+00:00\" \/>\n<meta name=\"twitter:card\" content=\"summary_large_image\" \/>\n<meta name=\"twitter:label1\" content=\"Est. reading time\" \/>\n\t<meta name=\"twitter:data1\" content=\"2 minutes\" \/>\n<script type=\"application\/ld+json\" class=\"yoast-schema-graph\">{\"@context\":\"https:\\\/\\\/schema.org\",\"@graph\":[{\"@type\":\"WebPage\",\"@id\":\"https:\\\/\\\/cisl.usv.ro\\\/\",\"url\":\"https:\\\/\\\/cisl.usv.ro\\\/\",\"name\":\"Despre noi - Colocviul Interna\u021bional de \u0218tiin\u021be ale Limbajului (CISL) \u201eEugeniu Co\u0219eriu\u201d\",\"isPartOf\":{\"@id\":\"https:\\\/\\\/cisl.usv.ro\\\/#website\"},\"datePublished\":\"2024-07-04T09:13:52+00:00\",\"dateModified\":\"2024-07-18T07:46:06+00:00\",\"breadcrumb\":{\"@id\":\"https:\\\/\\\/cisl.usv.ro\\\/#breadcrumb\"},\"inLanguage\":\"en-US\",\"potentialAction\":[{\"@type\":\"ReadAction\",\"target\":[\"https:\\\/\\\/cisl.usv.ro\\\/\"]}]},{\"@type\":\"BreadcrumbList\",\"@id\":\"https:\\\/\\\/cisl.usv.ro\\\/#breadcrumb\",\"itemListElement\":[{\"@type\":\"ListItem\",\"position\":1,\"name\":\"Home\",\"item\":\"https:\\\/\\\/cisl.usv.ro\\\/\"},{\"@type\":\"ListItem\",\"position\":2,\"name\":\"Despre noi\"}]},{\"@type\":\"WebSite\",\"@id\":\"https:\\\/\\\/cisl.usv.ro\\\/#website\",\"url\":\"https:\\\/\\\/cisl.usv.ro\\\/\",\"name\":\"Colocviul Interna\u021bional de \u0218tiin\u021be ale Limbajului (CISL) \u201eEugeniu Co\u0219eriu\u201d\",\"description\":\"Colocviul Interna\u021bional de \u0218tiin\u021be ale Limbajului \u201cEugeniu Co\u0219eriu\u201d, cu o tradi\u0163ie de peste 30 de ani, reprezint\u0103 un eveniment academic de referin\u021b\u0103 \u00een urm\u0103toarele domenii: semiotic\u0103, lingvistic\u0103, literatur\u0103, \u015ftiin\u0163e umaniste, filosofia limbii, didactic\u0103.\",\"potentialAction\":[{\"@type\":\"SearchAction\",\"target\":{\"@type\":\"EntryPoint\",\"urlTemplate\":\"https:\\\/\\\/cisl.usv.ro\\\/?s={search_term_string}\"},\"query-input\":{\"@type\":\"PropertyValueSpecification\",\"valueRequired\":true,\"valueName\":\"search_term_string\"}}],\"inLanguage\":\"en-US\"}]}<\/script>\n<!-- \/ Yoast SEO plugin. -->","yoast_head_json":{"title":"Despre noi - Colocviul Interna\u021bional de \u0218tiin\u021be ale Limbajului (CISL) \u201eEugeniu Co\u0219eriu\u201d","robots":{"index":"index","follow":"follow","max-snippet":"max-snippet:-1","max-image-preview":"max-image-preview:large","max-video-preview":"max-video-preview:-1"},"canonical":"https:\/\/cisl.usv.ro\/","og_locale":"en_US","og_type":"article","og_title":"Despre noi - Colocviul Interna\u021bional de \u0218tiin\u021be ale Limbajului (CISL) \u201eEugeniu Co\u0219eriu\u201d","og_description":"Colocviul Interna\u021bional de \u0218tiin\u021be ale Limbajului \u201cEugeniu Co\u0219eriu\u201d, cu o tradi\u0163ie de peste 30 de ani, reprezint\u0103 un eveniment academic de referin\u021b\u0103 \u00een urm\u0103toarele domenii: semiotic\u0103, lingvistic\u0103, literatur\u0103, \u015ftiin\u0163e umaniste, filosofia limbii, didactic\u0103. Ini\u021biat \u00een 1993 la Universitatea \u201c\u0218tefan cel Mare\u201d din Suceava, CISL s-a dezvoltat constant, devenind itinerant, \u00eencep\u00e2nd cu anul 2001, \u00een spa\u0163iul","og_url":"https:\/\/cisl.usv.ro\/","og_site_name":"Colocviul Interna\u021bional de \u0218tiin\u021be ale Limbajului (CISL) \u201eEugeniu Co\u0219eriu\u201d","article_modified_time":"2024-07-18T07:46:06+00:00","twitter_card":"summary_large_image","twitter_misc":{"Est. reading time":"2 minutes"},"schema":{"@context":"https:\/\/schema.org","@graph":[{"@type":"WebPage","@id":"https:\/\/cisl.usv.ro\/","url":"https:\/\/cisl.usv.ro\/","name":"Despre noi - Colocviul Interna\u021bional de \u0218tiin\u021be ale Limbajului (CISL) \u201eEugeniu Co\u0219eriu\u201d","isPartOf":{"@id":"https:\/\/cisl.usv.ro\/#website"},"datePublished":"2024-07-04T09:13:52+00:00","dateModified":"2024-07-18T07:46:06+00:00","breadcrumb":{"@id":"https:\/\/cisl.usv.ro\/#breadcrumb"},"inLanguage":"en-US","potentialAction":[{"@type":"ReadAction","target":["https:\/\/cisl.usv.ro\/"]}]},{"@type":"BreadcrumbList","@id":"https:\/\/cisl.usv.ro\/#breadcrumb","itemListElement":[{"@type":"ListItem","position":1,"name":"Home","item":"https:\/\/cisl.usv.ro\/"},{"@type":"ListItem","position":2,"name":"Despre noi"}]},{"@type":"WebSite","@id":"https:\/\/cisl.usv.ro\/#website","url":"https:\/\/cisl.usv.ro\/","name":"Colocviul Interna\u021bional de \u0218tiin\u021be ale Limbajului (CISL) \u201eEugeniu Co\u0219eriu\u201d","description":"Colocviul Interna\u021bional de \u0218tiin\u021be ale Limbajului \u201cEugeniu Co\u0219eriu\u201d, cu o tradi\u0163ie de peste 30 de ani, reprezint\u0103 un eveniment academic de referin\u021b\u0103 \u00een urm\u0103toarele domenii: semiotic\u0103, lingvistic\u0103, literatur\u0103, \u015ftiin\u0163e umaniste, filosofia limbii, didactic\u0103.","potentialAction":[{"@type":"SearchAction","target":{"@type":"EntryPoint","urlTemplate":"https:\/\/cisl.usv.ro\/?s={search_term_string}"},"query-input":{"@type":"PropertyValueSpecification","valueRequired":true,"valueName":"search_term_string"}}],"inLanguage":"en-US"}]}},"_links":{"self":[{"href":"https:\/\/cisl.usv.ro\/index.php?rest_route=\/wp\/v2\/pages\/2454","targetHints":{"allow":["GET"]}}],"collection":[{"href":"https:\/\/cisl.usv.ro\/index.php?rest_route=\/wp\/v2\/pages"}],"about":[{"href":"https:\/\/cisl.usv.ro\/index.php?rest_route=\/wp\/v2\/types\/page"}],"author":[{"embeddable":true,"href":"https:\/\/cisl.usv.ro\/index.php?rest_route=\/wp\/v2\/users\/45"}],"replies":[{"embeddable":true,"href":"https:\/\/cisl.usv.ro\/index.php?rest_route=%2Fwp%2Fv2%2Fcomments&post=2454"}],"version-history":[{"count":0,"href":"https:\/\/cisl.usv.ro\/index.php?rest_route=\/wp\/v2\/pages\/2454\/revisions"}],"wp:attachment":[{"href":"https:\/\/cisl.usv.ro\/index.php?rest_route=%2Fwp%2Fv2%2Fmedia&parent=2454"}],"curies":[{"name":"wp","href":"https:\/\/api.w.org\/{rel}","templated":true}]}}